{"id":2040,"date":"2023-07-08T13:05:04","date_gmt":"2023-07-08T13:05:04","guid":{"rendered":"https:\/\/www.srscert.com\/?page_id=2040"},"modified":"2023-08-30T19:32:44","modified_gmt":"2023-08-30T19:32:44","slug":"belgelendirme-formlari","status":"publish","type":"page","link":"https:\/\/www.srscert.com\/index.php\/belgelendirme-formlari\/","title":{"rendered":"Belgelendirme D\u00f6k\u00fcmanlar"},"content":{"rendered":"<div class=\"fusion-fullwidth fullwidth-box fusion-builder-row-1 fusion-flex-container nonhundred-percent-fullwidth non-hundred-percent-height-scrolling\" style=\"--awb-background-position:left top;--awb-border-sizes-top:0px;--awb-border-sizes-bottom:0px;--awb-border-sizes-left:0px;--awb-border-sizes-right:0px;--awb-border-radius-top-left:0px;--awb-border-radius-top-right:0px;--awb-border-radius-bottom-right:0px;--awb-border-radius-bottom-left:0px;--awb-padding-top:26px;--awb-padding-bottom:0px;--awb-padding-top-small:48px;--awb-padding-bottom-small:24px;--awb-margin-bottom:0px;--awb-flex-wrap:wrap;\" ><div class=\"fusion-builder-row fusion-row fusion-flex-align-items-stretch fusion-flex-content-wrap\" style=\"max-width:1216.8px;margin-left: calc(-4% \/ 2 );margin-right: calc(-4% \/ 2 );\"><div class=\"fusion-layout-column fusion_builder_column fusion-builder-column-0 fusion_builder_column_1_1 1_1 fusion-flex-column green-border rounded-border\" style=\"--awb-padding-top:40px;--awb-padding-right:60px;--awb-padding-bottom:20px;--awb-padding-left:60px;--awb-bg-color:var(--awb-color1);--awb-bg-color-hover:var(--awb-color1);--awb-bg-size:cover;--awb-border-color:var(--awb-color3);--awb-border-top:1px;--awb-border-right:1px;--awb-border-bottom:1px;--awb-border-left:1px;--awb-border-style:solid;--awb-width-large:100%;--awb-margin-top-large:0px;--awb-spacing-right-large:1.92%;--awb-margin-bottom-large:45px;--awb-spacing-left-large:1.92%;--awb-width-medium:100%;--awb-spacing-right-medium:1.92%;--awb-spacing-left-medium:1.92%;--awb-width-small:100%;--awb-spacing-right-small:1.92%;--awb-spacing-left-small:1.92%;\"><div class=\"fusion-column-wrapper fusion-flex-justify-content-flex-start fusion-content-layout-column\"><div class=\"fusion-text fusion-text-1\"><p><a href=\"https:\/\/www.srscert.com\/wp-content\/uploads\/2023\/08\/EK.02-Tarafsizlik-Taahhudu.pdf\">Tarafs\u0131zl\u0131k Taahh\u00fcd\u00fc<\/a><\/p>\n<p><a href=\"https:\/\/www.srscert.com\/wp-content\/uploads\/2023\/08\/PR.005-Itiraz-ve-Sikayet-Proseduru_rev-01.pdf\">\u0130tiraz ve \u015eikayet Prosed\u00fcr\u00fc<\/a><\/p>\n<p><a href=\"https:\/\/www.srscert.com\/wp-content\/uploads\/2023\/08\/TL.003-Logo-Kullanim-Talimati-rev-01.pdf\">Logo Kullan\u0131m Talimat\u0131<\/a><\/p>\n<p><a href=\"https:\/\/www.srscert.com\/wp-content\/uploads\/2023\/07\/FR.001-Basvuru-Formu.docx\">Ba\u015fvuru Formu<\/a><\/p>\n<p><a href=\"https:\/\/www.srscert.com\/wp-content\/uploads\/2023\/07\/TL.005-Belgelendirme-Kurallari.doc\">Belgelendirme Kurallar\u0131<\/a><\/p>\n<p><a style=\"font-family: var(--awb-text-font-family); font-size: var(--awb-font-size); font-style: var(--awb-text-font-style); font-weight: var(--awb-text-font-weight); letter-spacing: var(--awb-letter-spacing); text-align: var(--awb-content-alignment); text-transform: var(--awb-text-transform);\" href=\"https:\/\/www.srscert.com\/wp-content\/uploads\/2023\/07\/Organizasyon-Semasi.doc\">Organizasyon \u015eemas\u0131<\/a><\/p>\n<\/div><\/div><\/div><\/div><\/div>\n","protected":false},"excerpt":{"rendered":"","protected":false},"author":1,"featured_media":0,"parent":0,"menu_order":0,"comment_status":"closed","ping_status":"open","template":"100-width.php","meta":{"footnotes":""},"class_list":["post-2040","page","type-page","status-publish","hentry"],"yoast_head":"<!-- This site is optimized with the Yoast SEO plugin v27.4 - https:\/\/yoast.com\/product\/yoast-seo-wordpress\/ -->\n<title>Belgelendirme D\u00f6k\u00fcmanlar - SRS Belgelendirme Hizmetleri<\/title>\n<meta name=\"description\" content=\"belgelendirme, kalibrasyon, ISO belgesi, ISO 9001, ISO 27001, ISO 45001, ISO 22000, ce belgesi, test hizmetleri, lvd test, ce belgelendirme, ISO 50001\" \/>\n<meta name=\"robots\" content=\"index, follow, max-snippet:-1, max-image-preview:large, max-video-preview:-1\" \/>\n<link rel=\"canonical\" href=\"https:\/\/www.srscert.com\/index.php\/belgelendirme-formlari\/\" \/>\n<meta property=\"og:locale\" content=\"tr_TR\" \/>\n<meta property=\"og:type\" content=\"article\" \/>\n<meta property=\"og:title\" content=\"Belgelendirme D\u00f6k\u00fcmanlar - SRS Belgelendirme Hizmetleri\" \/>\n<meta property=\"og:description\" content=\"belgelendirme, kalibrasyon, ISO belgesi, ISO 9001, ISO 27001, ISO 45001, ISO 22000, ce belgesi, test hizmetleri, lvd test, ce belgelendirme, ISO 50001\" \/>\n<meta property=\"og:url\" content=\"https:\/\/www.srscert.com\/index.php\/belgelendirme-formlari\/\" \/>\n<meta property=\"og:site_name\" content=\"SRS Belgelendirme Hizmetleri\" \/>\n<meta property=\"article:modified_time\" content=\"2023-08-30T19:32:44+00:00\" \/>\n<meta name=\"twitter:card\" content=\"summary_large_image\" \/>\n<meta name=\"twitter:label1\" content=\"Tahmini okuma s\u00fcresi\" \/>\n\t<meta name=\"twitter:data1\" content=\"2 dakika\" \/>\n<script type=\"application\/ld+json\" class=\"yoast-schema-graph\">{\"@context\":\"https:\\\/\\\/schema.org\",\"@graph\":[{\"@type\":\"WebPage\",\"@id\":\"https:\\\/\\\/www.srscert.com\\\/index.php\\\/belgelendirme-formlari\\\/\",\"url\":\"https:\\\/\\\/www.srscert.com\\\/index.php\\\/belgelendirme-formlari\\\/\",\"name\":\"Belgelendirme D\u00f6k\u00fcmanlar - SRS Belgelendirme Hizmetleri\",\"isPartOf\":{\"@id\":\"https:\\\/\\\/www.srscert.com\\\/#website\"},\"datePublished\":\"2023-07-08T13:05:04+00:00\",\"dateModified\":\"2023-08-30T19:32:44+00:00\",\"description\":\"belgelendirme, kalibrasyon, ISO belgesi, ISO 9001, ISO 27001, ISO 45001, ISO 22000, ce belgesi, test hizmetleri, lvd test, ce belgelendirme, ISO 50001\",\"breadcrumb\":{\"@id\":\"https:\\\/\\\/www.srscert.com\\\/index.php\\\/belgelendirme-formlari\\\/#breadcrumb\"},\"inLanguage\":\"tr\",\"potentialAction\":[{\"@type\":\"ReadAction\",\"target\":[\"https:\\\/\\\/www.srscert.com\\\/index.php\\\/belgelendirme-formlari\\\/\"]}]},{\"@type\":\"BreadcrumbList\",\"@id\":\"https:\\\/\\\/www.srscert.com\\\/index.php\\\/belgelendirme-formlari\\\/#breadcrumb\",\"itemListElement\":[{\"@type\":\"ListItem\",\"position\":1,\"name\":\"Anasayfa\",\"item\":\"https:\\\/\\\/www.srscert.com\\\/\"},{\"@type\":\"ListItem\",\"position\":2,\"name\":\"Belgelendirme D\u00f6k\u00fcmanlar\"}]},{\"@type\":\"WebSite\",\"@id\":\"https:\\\/\\\/www.srscert.com\\\/#website\",\"url\":\"https:\\\/\\\/www.srscert.com\\\/\",\"name\":\"SRS Belgelendirme Hizmetleri\",\"description\":\"SRS Belgelendirme \",\"publisher\":{\"@id\":\"https:\\\/\\\/www.srscert.com\\\/#organization\"},\"potentialAction\":[{\"@type\":\"SearchAction\",\"target\":{\"@type\":\"EntryPoint\",\"urlTemplate\":\"https:\\\/\\\/www.srscert.com\\\/?s={search_term_string}\"},\"query-input\":{\"@type\":\"PropertyValueSpecification\",\"valueRequired\":true,\"valueName\":\"search_term_string\"}}],\"inLanguage\":\"tr\"},{\"@type\":\"Organization\",\"@id\":\"https:\\\/\\\/www.srscert.com\\\/#organization\",\"name\":\"srs belgelendirme\",\"url\":\"https:\\\/\\\/www.srscert.com\\\/\",\"logo\":{\"@type\":\"ImageObject\",\"inLanguage\":\"tr\",\"@id\":\"https:\\\/\\\/www.srscert.com\\\/#\\\/schema\\\/logo\\\/image\\\/\",\"url\":\"http:\\\/\\\/www.srscert.com\\\/wp-content\\\/uploads\\\/2022\\\/03\\\/srslogo1-300x142-3.png\",\"contentUrl\":\"http:\\\/\\\/www.srscert.com\\\/wp-content\\\/uploads\\\/2022\\\/03\\\/srslogo1-300x142-3.png\",\"width\":300,\"height\":142,\"caption\":\"srs belgelendirme\"},\"image\":{\"@id\":\"https:\\\/\\\/www.srscert.com\\\/#\\\/schema\\\/logo\\\/image\\\/\"}}]}<\/script>\n<!-- \/ Yoast SEO plugin. -->","yoast_head_json":{"title":"Belgelendirme D\u00f6k\u00fcmanlar - SRS Belgelendirme Hizmetleri","description":"belgelendirme, kalibrasyon, ISO belgesi, ISO 9001, ISO 27001, ISO 45001, ISO 22000, ce belgesi, test hizmetleri, lvd test, ce belgelendirme, ISO 50001","robots":{"index":"index","follow":"follow","max-snippet":"max-snippet:-1","max-image-preview":"max-image-preview:large","max-video-preview":"max-video-preview:-1"},"canonical":"https:\/\/www.srscert.com\/index.php\/belgelendirme-formlari\/","og_locale":"tr_TR","og_type":"article","og_title":"Belgelendirme D\u00f6k\u00fcmanlar - SRS Belgelendirme Hizmetleri","og_description":"belgelendirme, kalibrasyon, ISO belgesi, ISO 9001, ISO 27001, ISO 45001, ISO 22000, ce belgesi, test hizmetleri, lvd test, ce belgelendirme, ISO 50001","og_url":"https:\/\/www.srscert.com\/index.php\/belgelendirme-formlari\/","og_site_name":"SRS Belgelendirme Hizmetleri","article_modified_time":"2023-08-30T19:32:44+00:00","twitter_card":"summary_large_image","twitter_misc":{"Tahmini okuma s\u00fcresi":"2 dakika"},"schema":{"@context":"https:\/\/schema.org","@graph":[{"@type":"WebPage","@id":"https:\/\/www.srscert.com\/index.php\/belgelendirme-formlari\/","url":"https:\/\/www.srscert.com\/index.php\/belgelendirme-formlari\/","name":"Belgelendirme D\u00f6k\u00fcmanlar - SRS Belgelendirme Hizmetleri","isPartOf":{"@id":"https:\/\/www.srscert.com\/#website"},"datePublished":"2023-07-08T13:05:04+00:00","dateModified":"2023-08-30T19:32:44+00:00","description":"belgelendirme, kalibrasyon, ISO belgesi, ISO 9001, ISO 27001, ISO 45001, ISO 22000, ce belgesi, test hizmetleri, lvd test, ce belgelendirme, ISO 50001","breadcrumb":{"@id":"https:\/\/www.srscert.com\/index.php\/belgelendirme-formlari\/#breadcrumb"},"inLanguage":"tr","potentialAction":[{"@type":"ReadAction","target":["https:\/\/www.srscert.com\/index.php\/belgelendirme-formlari\/"]}]},{"@type":"BreadcrumbList","@id":"https:\/\/www.srscert.com\/index.php\/belgelendirme-formlari\/#breadcrumb","itemListElement":[{"@type":"ListItem","position":1,"name":"Anasayfa","item":"https:\/\/www.srscert.com\/"},{"@type":"ListItem","position":2,"name":"Belgelendirme D\u00f6k\u00fcmanlar"}]},{"@type":"WebSite","@id":"https:\/\/www.srscert.com\/#website","url":"https:\/\/www.srscert.com\/","name":"SRS Belgelendirme Hizmetleri","description":"SRS Belgelendirme ","publisher":{"@id":"https:\/\/www.srscert.com\/#organization"},"potentialAction":[{"@type":"SearchAction","target":{"@type":"EntryPoint","urlTemplate":"https:\/\/www.srscert.com\/?s={search_term_string}"},"query-input":{"@type":"PropertyValueSpecification","valueRequired":true,"valueName":"search_term_string"}}],"inLanguage":"tr"},{"@type":"Organization","@id":"https:\/\/www.srscert.com\/#organization","name":"srs belgelendirme","url":"https:\/\/www.srscert.com\/","logo":{"@type":"ImageObject","inLanguage":"tr","@id":"https:\/\/www.srscert.com\/#\/schema\/logo\/image\/","url":"http:\/\/www.srscert.com\/wp-content\/uploads\/2022\/03\/srslogo1-300x142-3.png","contentUrl":"http:\/\/www.srscert.com\/wp-content\/uploads\/2022\/03\/srslogo1-300x142-3.png","width":300,"height":142,"caption":"srs belgelendirme"},"image":{"@id":"https:\/\/www.srscert.com\/#\/schema\/logo\/image\/"}}]}},"jetpack_sharing_enabled":true,"_links":{"self":[{"href":"https:\/\/www.srscert.com\/index.php\/wp-json\/wp\/v2\/pages\/2040","targetHints":{"allow":["GET"]}}],"collection":[{"href":"https:\/\/www.srscert.com\/index.php\/wp-json\/wp\/v2\/pages"}],"about":[{"href":"https:\/\/www.srscert.com\/index.php\/wp-json\/wp\/v2\/types\/page"}],"author":[{"embeddable":true,"href":"https:\/\/www.srscert.com\/index.php\/wp-json\/wp\/v2\/users\/1"}],"replies":[{"embeddable":true,"href":"https:\/\/www.srscert.com\/index.php\/wp-json\/wp\/v2\/comments?post=2040"}],"version-history":[{"count":6,"href":"https:\/\/www.srscert.com\/index.php\/wp-json\/wp\/v2\/pages\/2040\/revisions"}],"predecessor-version":[{"id":2058,"href":"https:\/\/www.srscert.com\/index.php\/wp-json\/wp\/v2\/pages\/2040\/revisions\/2058"}],"wp:attachment":[{"href":"https:\/\/www.srscert.com\/index.php\/wp-json\/wp\/v2\/media?parent=2040"}],"curies":[{"name":"wp","href":"https:\/\/api.w.org\/{rel}","templated":true}]}}