{"id":2032,"date":"2023-07-08T12:50:47","date_gmt":"2023-07-08T12:50:47","guid":{"rendered":"https:\/\/www.srscert.com\/?page_id=2032"},"modified":"2025-07-27T18:24:22","modified_gmt":"2025-07-27T18:24:22","slug":"kalite-politikamiz","status":"publish","type":"page","link":"https:\/\/www.srscert.com\/index.php\/kalite-politikamiz\/","title":{"rendered":"Y\u00f6netim Sistem Politikas\u0131"},"content":{"rendered":"<div class=\"fusion-fullwidth fullwidth-box fusion-builder-row-1 fusion-flex-container nonhundred-percent-fullwidth non-hundred-percent-height-scrolling\" style=\"--awb-background-position:left top;--awb-border-sizes-top:0px;--awb-border-sizes-bottom:0px;--awb-border-sizes-left:0px;--awb-border-sizes-right:0px;--awb-border-radius-top-left:0px;--awb-border-radius-top-right:0px;--awb-border-radius-bottom-right:0px;--awb-border-radius-bottom-left:0px;--awb-padding-top:26px;--awb-padding-bottom:0px;--awb-padding-top-small:48px;--awb-padding-bottom-small:24px;--awb-margin-bottom:0px;--awb-flex-wrap:wrap;\" ><div class=\"fusion-builder-row fusion-row fusion-flex-align-items-stretch fusion-flex-content-wrap\" style=\"max-width:1216.8px;margin-left: calc(-4% \/ 2 );margin-right: calc(-4% \/ 2 );\"><div class=\"fusion-layout-column fusion_builder_column fusion-builder-column-0 fusion_builder_column_1_1 1_1 fusion-flex-column green-border rounded-border\" style=\"--awb-padding-top:40px;--awb-padding-right:60px;--awb-padding-bottom:20px;--awb-padding-left:60px;--awb-bg-color:var(--awb-color1);--awb-bg-color-hover:var(--awb-color1);--awb-bg-size:cover;--awb-border-color:var(--awb-color3);--awb-border-top:1px;--awb-border-right:1px;--awb-border-bottom:1px;--awb-border-left:1px;--awb-border-style:solid;--awb-width-large:100%;--awb-margin-top-large:0px;--awb-spacing-right-large:1.92%;--awb-margin-bottom-large:45px;--awb-spacing-left-large:1.92%;--awb-width-medium:100%;--awb-spacing-right-medium:1.92%;--awb-spacing-left-medium:1.92%;--awb-width-small:100%;--awb-spacing-right-small:1.92%;--awb-spacing-left-small:1.92%;\"><div class=\"fusion-column-wrapper fusion-flex-justify-content-flex-start fusion-content-layout-column\"><div class=\"fusion-title title fusion-title-1 fusion-sep-none fusion-title-center fusion-title-text fusion-title-size-three\" style=\"--awb-margin-bottom:30px;--awb-margin-top-small:0px;--awb-margin-right-small:0px;--awb-margin-bottom-small:20px;--awb-margin-left-small:0px;\"><h3 class=\"fusion-title-heading title-heading-center\" style=\"margin:0;text-transform:uppercase;\"><p style=\"text-align: center;\"><strong>Y\u00d6NET\u0130M S\u0130STEM POL\u0130T\u0130KASI<\/strong><\/p><\/h3><\/div><div class=\"fusion-builder-row fusion-builder-row-inner fusion-row fusion-flex-align-items-stretch fusion-flex-content-wrap\" style=\"--awb-flex-grow:0;--awb-flex-grow-medium:0;--awb-flex-grow-small:0;--awb-flex-shrink:0;--awb-flex-shrink-medium:0;--awb-flex-shrink-small:0;width:104% !important;max-width:104% !important;margin-left: calc(-4% \/ 2 );margin-right: calc(-4% \/ 2 );\"><div class=\"fusion-layout-column fusion_builder_column_inner fusion-builder-nested-column-0 fusion_builder_column_inner_1_1 1_1 fusion-flex-column\" style=\"--awb-padding-bottom:14px;--awb-padding-left:10px;--awb-bg-blend:overlay;--awb-bg-size:cover;--awb-width-large:100%;--awb-margin-top-large:0px;--awb-spacing-right-large:0%;--awb-margin-bottom-large:18px;--awb-spacing-left-large:1.92%;--awb-width-medium:100%;--awb-spacing-right-medium:1.92%;--awb-spacing-left-medium:1.92%;--awb-width-small:100%;--awb-spacing-right-small:1.92%;--awb-spacing-left-small:1.92%;\"><div class=\"fusion-column-wrapper fusion-flex-justify-content-flex-start fusion-content-layout-column\"><div class=\"fusion-text fusion-text-1\"><p>Uygunluk De\u011ferlendirme Hizmetleri sunmakta olan SRS Belgelendirme; faaliyetlerinin t\u00fcm a\u015famalar\u0131nda a\u015fa\u011f\u0131daki \u00e7al\u0131\u015fma ilkelerine uyaca\u011f\u0131n\u0131 taahh\u00fct etmektedir.<\/p>\n<ul>\n<li><strong>TARAFSIZLIK<\/strong><\/li>\n<\/ul>\n<p>Faaliyetlerini \u00e7\u0131kar ili\u015fkisi olmadan, objektif, ba\u011f\u0131ms\u0131z ve tarafs\u0131z \u015fekilde ger\u00e7ekle\u015ftirmesi, Hi\u00e7bir \u015firket \/ kurulu\u015f aras\u0131nda ayr\u0131m yap\u0131lmadan ayn\u0131 hassasiyetle hizmet sunulmas\u0131 ve m\u00fc\u015fterilerin memnuniyetinin sa\u011flanmas\u0131,<\/p>\n<ul>\n<li><strong>YETERL\u0130L\u0130K VE E\u011e\u0130T\u0130M<\/strong><\/li>\n<\/ul>\n<p>SRS ad\u0131na faaliyet g\u00f6steren t\u00fcm ki\u015fi ve kurumlar\u0131, geli\u015fen standartlara ve \u015fartlara uygun olarak s\u00fcrekli e\u011fitimlerle geli\u015ftirmesi,<\/p>\n<p>Faaliyetlerini ba\u011f\u0131ms\u0131z, tarafs\u0131z, gerekli yeterlili\u011fe sahip uzman ekibiyle ger\u00e7ekle\u015ftirerek; firmalara \/ sekt\u00f6re katma de\u011fer sa\u011flanmas\u0131,<\/p>\n<p>SRS\u2019 nin uluslararas\u0131 faaliyet g\u00f6steren bir firma olmas\u0131,<\/p>\n<ul>\n<li><strong>SORUMLULUK<\/strong><\/li>\n<\/ul>\n<p>Denetim, belgelendirme, g\u00f6zetim ve test s\u00fcrecindeki t\u00fcm faaliyetlerden SRS\u2019 nin sorumlu olmas\u0131,<\/p>\n<p>T\u00fcm faaliyetlerin akreditasyon kurallar\u0131na, standartlara, yasal mevzuatlara ve SRS kurallar\u0131na uygun olarak s\u00fcrd\u00fcr\u00fclmesi,<\/p>\n<ul>\n<li><strong>G\u0130ZL\u0130L\u0130K VE A\u00c7IKLIK<\/strong><\/li>\n<\/ul>\n<p>T\u00fcm taraflar ile ilgili elde edilen her t\u00fcrl\u00fc bilginin (s\u00f6ylem, kay\u0131t) akreditasyon kurumu ve yasal otoritelerin talepleri d\u0131\u015f\u0131nda \u00fc\u00e7\u00fcnc\u00fc taraflara aktar\u0131lmamas\u0131,<\/p>\n<p>Sertifikasyon ve hizmet \u015fartlar\u0131, fiyat politikas\u0131 gibi bilgilerin ilgili taraflara a\u00e7\u0131k ve ula\u015f\u0131labilir olmas\u0131,<\/p>\n<ul>\n<li><strong>\u015e\u0130KAYETLER\u0130N \u00c7\u00d6Z\u00dcMLENMES\u0130<\/strong><\/li>\n<\/ul>\n<p>Belgelendirilmi\u015f kurulu\u015flardan, belgelendirilmi\u015f kurulu\u015flar\u0131n \u00fcr\u00fcn\/hizmet sundu\u011fu taraflardan, sivil ve yasal otoriterlerden vb. gelen her t\u00fcrl\u00fc geri beslemenin \u00fczerine hassasiyetle gidilmesi,<\/p>\n<p>\u015eikayet ve isteklerin gizlilik \u00e7er\u00e7evesinde zaman\u0131nda de\u011ferlendirilmesi ve \u00e7\u00f6z\u00fcme kavu\u015fturulmas\u0131,<\/p>\n<ul>\n<li><strong>S\u00dcREKL\u0130 GEL\u0130\u015eME VE \u0130Y\u0130LE\u015eME<\/strong><\/li>\n<\/ul>\n<p>\u00dcst y\u00f6netimin katk\u0131lar\u0131 ve t\u00fcm \u00e7al\u0131\u015fanlar\u0131n kat\u0131l\u0131m\u0131yla y\u00f6netim sisteminin \u015fartlar\u0131na uyulmas\u0131 ve sistemin etkinli\u011finin s\u00fcrekli geli\u015ftirilmesi,<\/p>\n<p>Faaliyet kapsam\u0131ndaki konularda g\u00fcncel geli\u015fmeleri takip ederek, ilgili taraflar\u0131n bilgilendirilmesi ve bu geli\u015fmelerin toplumsal faydaya d\u00f6n\u00fc\u015ft\u00fcr\u00fclmesi,<\/p>\n<p>SRS\u2019 nin politikas\u0131d\u0131r. SRS ad\u0131na faaliyet g\u00f6steren t\u00fcm \u00e7al\u0131\u015fanlar (Y\u00f6netim, Komite, Denet\u00e7i, Uzman, Ta\u015feron) bu politikaya uymakla y\u00fck\u00fcml\u00fcd\u00fcr.<\/p>\n<\/p>\n<p><strong><\/strong><\/p>\n<p style=\"text-align: center;\"><strong>BULENT YILMAZ<\/strong><\/p>\n<\/p>\n<p><strong><\/strong><\/p>\n<p style=\"text-align: center;\"><strong>GENEL M\u00dcD\u00dcR<\/strong><\/p><\/p>\n<\/div><\/div><\/div><\/div><\/div><\/div><\/div><\/div>\n","protected":false},"excerpt":{"rendered":"","protected":false},"author":1,"featured_media":0,"parent":0,"menu_order":0,"comment_status":"closed","ping_status":"open","template":"100-width.php","meta":{"footnotes":""},"class_list":["post-2032","page","type-page","status-publish","hentry"],"yoast_head":"<!-- This site is optimized with the Yoast SEO plugin v27.6 - https:\/\/yoast.com\/product\/yoast-seo-wordpress\/ -->\n<title>Y\u00f6netim Sistem Politikas\u0131 - SRS Belgelendirme Hizmetleri<\/title>\n<meta name=\"description\" content=\"belgelendirme, kalibrasyon, ISO belgesi, ISO 9001, ISO 27001, ISO 45001, ISO 22000, ce belgesi, test hizmetleri, lvd test, ce belgelendirme, ISO 50001\" \/>\n<meta name=\"robots\" content=\"index, follow, max-snippet:-1, max-image-preview:large, max-video-preview:-1\" \/>\n<link rel=\"canonical\" href=\"https:\/\/www.srscert.com\/index.php\/kalite-politikamiz\/\" \/>\n<meta property=\"og:locale\" content=\"tr_TR\" \/>\n<meta property=\"og:type\" content=\"article\" \/>\n<meta property=\"og:title\" content=\"Y\u00f6netim Sistem Politikas\u0131 - SRS Belgelendirme Hizmetleri\" \/>\n<meta property=\"og:description\" content=\"belgelendirme, kalibrasyon, ISO belgesi, ISO 9001, ISO 27001, ISO 45001, ISO 22000, ce belgesi, test hizmetleri, lvd test, ce belgelendirme, ISO 50001\" \/>\n<meta property=\"og:url\" content=\"https:\/\/www.srscert.com\/index.php\/kalite-politikamiz\/\" \/>\n<meta property=\"og:site_name\" content=\"SRS Belgelendirme Hizmetleri\" \/>\n<meta property=\"article:modified_time\" content=\"2025-07-27T18:24:22+00:00\" \/>\n<meta name=\"twitter:card\" content=\"summary_large_image\" \/>\n<meta name=\"twitter:label1\" content=\"Tahmini okuma s\u00fcresi\" \/>\n\t<meta name=\"twitter:data1\" content=\"1 dakika\" \/>\n<script type=\"application\/ld+json\" class=\"yoast-schema-graph\">{\"@context\":\"https:\\\/\\\/schema.org\",\"@graph\":[{\"@type\":\"WebPage\",\"@id\":\"https:\\\/\\\/www.srscert.com\\\/index.php\\\/kalite-politikamiz\\\/\",\"url\":\"https:\\\/\\\/www.srscert.com\\\/index.php\\\/kalite-politikamiz\\\/\",\"name\":\"Y\u00f6netim Sistem Politikas\u0131 - SRS Belgelendirme Hizmetleri\",\"isPartOf\":{\"@id\":\"https:\\\/\\\/www.srscert.com\\\/#website\"},\"datePublished\":\"2023-07-08T12:50:47+00:00\",\"dateModified\":\"2025-07-27T18:24:22+00:00\",\"description\":\"belgelendirme, kalibrasyon, ISO belgesi, ISO 9001, ISO 27001, ISO 45001, ISO 22000, ce belgesi, test hizmetleri, lvd test, ce belgelendirme, ISO 50001\",\"breadcrumb\":{\"@id\":\"https:\\\/\\\/www.srscert.com\\\/index.php\\\/kalite-politikamiz\\\/#breadcrumb\"},\"inLanguage\":\"tr\",\"potentialAction\":[{\"@type\":\"ReadAction\",\"target\":[\"https:\\\/\\\/www.srscert.com\\\/index.php\\\/kalite-politikamiz\\\/\"]}]},{\"@type\":\"BreadcrumbList\",\"@id\":\"https:\\\/\\\/www.srscert.com\\\/index.php\\\/kalite-politikamiz\\\/#breadcrumb\",\"itemListElement\":[{\"@type\":\"ListItem\",\"position\":1,\"name\":\"Anasayfa\",\"item\":\"https:\\\/\\\/www.srscert.com\\\/\"},{\"@type\":\"ListItem\",\"position\":2,\"name\":\"Y\u00f6netim Sistem Politikas\u0131\"}]},{\"@type\":\"WebSite\",\"@id\":\"https:\\\/\\\/www.srscert.com\\\/#website\",\"url\":\"https:\\\/\\\/www.srscert.com\\\/\",\"name\":\"SRS Belgelendirme Hizmetleri\",\"description\":\"SRS Belgelendirme \",\"publisher\":{\"@id\":\"https:\\\/\\\/www.srscert.com\\\/#organization\"},\"potentialAction\":[{\"@type\":\"SearchAction\",\"target\":{\"@type\":\"EntryPoint\",\"urlTemplate\":\"https:\\\/\\\/www.srscert.com\\\/?s={search_term_string}\"},\"query-input\":{\"@type\":\"PropertyValueSpecification\",\"valueRequired\":true,\"valueName\":\"search_term_string\"}}],\"inLanguage\":\"tr\"},{\"@type\":\"Organization\",\"@id\":\"https:\\\/\\\/www.srscert.com\\\/#organization\",\"name\":\"srs belgelendirme\",\"url\":\"https:\\\/\\\/www.srscert.com\\\/\",\"logo\":{\"@type\":\"ImageObject\",\"inLanguage\":\"tr\",\"@id\":\"https:\\\/\\\/www.srscert.com\\\/#\\\/schema\\\/logo\\\/image\\\/\",\"url\":\"http:\\\/\\\/www.srscert.com\\\/wp-content\\\/uploads\\\/2022\\\/03\\\/srslogo1-300x142-3.png\",\"contentUrl\":\"http:\\\/\\\/www.srscert.com\\\/wp-content\\\/uploads\\\/2022\\\/03\\\/srslogo1-300x142-3.png\",\"width\":300,\"height\":142,\"caption\":\"srs belgelendirme\"},\"image\":{\"@id\":\"https:\\\/\\\/www.srscert.com\\\/#\\\/schema\\\/logo\\\/image\\\/\"}}]}<\/script>\n<!-- \/ Yoast SEO plugin. -->","yoast_head_json":{"title":"Y\u00f6netim Sistem Politikas\u0131 - SRS Belgelendirme Hizmetleri","description":"belgelendirme, kalibrasyon, ISO belgesi, ISO 9001, ISO 27001, ISO 45001, ISO 22000, ce belgesi, test hizmetleri, lvd test, ce belgelendirme, ISO 50001","robots":{"index":"index","follow":"follow","max-snippet":"max-snippet:-1","max-image-preview":"max-image-preview:large","max-video-preview":"max-video-preview:-1"},"canonical":"https:\/\/www.srscert.com\/index.php\/kalite-politikamiz\/","og_locale":"tr_TR","og_type":"article","og_title":"Y\u00f6netim Sistem Politikas\u0131 - SRS Belgelendirme Hizmetleri","og_description":"belgelendirme, kalibrasyon, ISO belgesi, ISO 9001, ISO 27001, ISO 45001, ISO 22000, ce belgesi, test hizmetleri, lvd test, ce belgelendirme, ISO 50001","og_url":"https:\/\/www.srscert.com\/index.php\/kalite-politikamiz\/","og_site_name":"SRS Belgelendirme Hizmetleri","article_modified_time":"2025-07-27T18:24:22+00:00","twitter_card":"summary_large_image","twitter_misc":{"Tahmini okuma s\u00fcresi":"1 dakika"},"schema":{"@context":"https:\/\/schema.org","@graph":[{"@type":"WebPage","@id":"https:\/\/www.srscert.com\/index.php\/kalite-politikamiz\/","url":"https:\/\/www.srscert.com\/index.php\/kalite-politikamiz\/","name":"Y\u00f6netim Sistem Politikas\u0131 - SRS Belgelendirme Hizmetleri","isPartOf":{"@id":"https:\/\/www.srscert.com\/#website"},"datePublished":"2023-07-08T12:50:47+00:00","dateModified":"2025-07-27T18:24:22+00:00","description":"belgelendirme, kalibrasyon, ISO belgesi, ISO 9001, ISO 27001, ISO 45001, ISO 22000, ce belgesi, test hizmetleri, lvd test, ce belgelendirme, ISO 50001","breadcrumb":{"@id":"https:\/\/www.srscert.com\/index.php\/kalite-politikamiz\/#breadcrumb"},"inLanguage":"tr","potentialAction":[{"@type":"ReadAction","target":["https:\/\/www.srscert.com\/index.php\/kalite-politikamiz\/"]}]},{"@type":"BreadcrumbList","@id":"https:\/\/www.srscert.com\/index.php\/kalite-politikamiz\/#breadcrumb","itemListElement":[{"@type":"ListItem","position":1,"name":"Anasayfa","item":"https:\/\/www.srscert.com\/"},{"@type":"ListItem","position":2,"name":"Y\u00f6netim Sistem Politikas\u0131"}]},{"@type":"WebSite","@id":"https:\/\/www.srscert.com\/#website","url":"https:\/\/www.srscert.com\/","name":"SRS Belgelendirme Hizmetleri","description":"SRS Belgelendirme ","publisher":{"@id":"https:\/\/www.srscert.com\/#organization"},"potentialAction":[{"@type":"SearchAction","target":{"@type":"EntryPoint","urlTemplate":"https:\/\/www.srscert.com\/?s={search_term_string}"},"query-input":{"@type":"PropertyValueSpecification","valueRequired":true,"valueName":"search_term_string"}}],"inLanguage":"tr"},{"@type":"Organization","@id":"https:\/\/www.srscert.com\/#organization","name":"srs belgelendirme","url":"https:\/\/www.srscert.com\/","logo":{"@type":"ImageObject","inLanguage":"tr","@id":"https:\/\/www.srscert.com\/#\/schema\/logo\/image\/","url":"http:\/\/www.srscert.com\/wp-content\/uploads\/2022\/03\/srslogo1-300x142-3.png","contentUrl":"http:\/\/www.srscert.com\/wp-content\/uploads\/2022\/03\/srslogo1-300x142-3.png","width":300,"height":142,"caption":"srs belgelendirme"},"image":{"@id":"https:\/\/www.srscert.com\/#\/schema\/logo\/image\/"}}]}},"jetpack_sharing_enabled":true,"_links":{"self":[{"href":"https:\/\/www.srscert.com\/index.php\/wp-json\/wp\/v2\/pages\/2032","targetHints":{"allow":["GET"]}}],"collection":[{"href":"https:\/\/www.srscert.com\/index.php\/wp-json\/wp\/v2\/pages"}],"about":[{"href":"https:\/\/www.srscert.com\/index.php\/wp-json\/wp\/v2\/types\/page"}],"author":[{"embeddable":true,"href":"https:\/\/www.srscert.com\/index.php\/wp-json\/wp\/v2\/users\/1"}],"replies":[{"embeddable":true,"href":"https:\/\/www.srscert.com\/index.php\/wp-json\/wp\/v2\/comments?post=2032"}],"version-history":[{"count":5,"href":"https:\/\/www.srscert.com\/index.php\/wp-json\/wp\/v2\/pages\/2032\/revisions"}],"predecessor-version":[{"id":2440,"href":"https:\/\/www.srscert.com\/index.php\/wp-json\/wp\/v2\/pages\/2032\/revisions\/2440"}],"wp:attachment":[{"href":"https:\/\/www.srscert.com\/index.php\/wp-json\/wp\/v2\/media?parent=2032"}],"curies":[{"name":"wp","href":"https:\/\/api.w.org\/{rel}","templated":true}]}}