{"id":1899,"date":"2022-07-17T20:07:02","date_gmt":"2022-07-17T20:07:02","guid":{"rendered":"https:\/\/www.srscert.com\/?page_id=1899"},"modified":"2023-12-21T19:19:43","modified_gmt":"2023-12-21T19:19:43","slug":"grup-sirketlerimiz","status":"publish","type":"page","link":"https:\/\/www.srscert.com\/index.php\/grup-sirketlerimiz\/","title":{"rendered":"Grup \u015eirketlerimiz"},"content":{"rendered":"<p><div class=\"fusion-fullwidth fullwidth-box fusion-builder-row-1 fusion-flex-container nonhundred-percent-fullwidth non-hundred-percent-height-scrolling\" style=\"--awb-background-position:left top;--awb-border-sizes-top:0px;--awb-border-sizes-bottom:0px;--awb-border-sizes-left:0px;--awb-border-sizes-right:0px;--awb-border-radius-top-left:0px;--awb-border-radius-top-right:0px;--awb-border-radius-bottom-right:0px;--awb-border-radius-bottom-left:0px;--awb-padding-top:40px;--awb-padding-bottom:0px;--awb-padding-top-small:48px;--awb-padding-bottom-small:24px;--awb-flex-wrap:wrap;\" ><div class=\"fusion-builder-row fusion-row fusion-flex-align-items-stretch fusion-flex-content-wrap\" style=\"max-width:1216.8px;margin-left: calc(-4% \/ 2 );margin-right: calc(-4% \/ 2 );\"><div class=\"fusion-layout-column fusion_builder_column fusion-builder-column-0 fusion_builder_column_1_2 1_2 fusion-flex-column rounded-border\" style=\"--awb-padding-top:40px;--awb-padding-right:60px;--awb-padding-bottom:40px;--awb-padding-left:60px;--awb-bg-color:var(--awb-color1);--awb-bg-color-hover:var(--awb-color1);--awb-bg-size:cover;--awb-border-color:var(--awb-color3);--awb-border-top:1px;--awb-border-right:1px;--awb-border-bottom:1px;--awb-border-left:1px;--awb-border-style:solid;--awb-width-large:50%;--awb-margin-top-large:0px;--awb-spacing-right-large:3.84%;--awb-margin-bottom-large:45px;--awb-spacing-left-large:3.84%;--awb-width-medium:100%;--awb-spacing-right-medium:1.92%;--awb-spacing-left-medium:1.92%;--awb-width-small:100%;--awb-spacing-right-small:1.92%;--awb-spacing-left-small:1.92%;\"><div class=\"fusion-column-wrapper fusion-flex-justify-content-flex-start fusion-content-layout-column\"><div class=\"fusion-title title fusion-title-1 fusion-title-text fusion-title-size-three\" style=\"--awb-margin-bottom:10px;--awb-margin-top-small:0px;--awb-margin-right-small:0px;--awb-margin-bottom-small:10px;--awb-margin-left-small:0px;\"><div class=\"title-sep-container title-sep-container-left fusion-no-large-visibility fusion-no-medium-visibility fusion-no-small-visibility\"><div class=\"title-sep sep- sep-solid\" style=\"border-color:var(--awb-color3);\"><\/div><\/div><span class=\"awb-title-spacer fusion-no-large-visibility fusion-no-medium-visibility fusion-no-small-visibility\"><\/span><h3 class=\"fusion-title-heading title-heading-left\" style=\"margin:0;text-transform:uppercase;\"><strong>SRS ULUSLARARASI BELGELEND\u0130RME TEKN\u0130K KONTROL G\u00d6ZET\u0130M VE E\u011e\u0130T\u0130M H\u0130Z. LTD. \u015eT\u0130.<\/strong><\/h3><span class=\"awb-title-spacer\"><\/span><div class=\"title-sep-container title-sep-container-right\"><div class=\"title-sep sep- sep-solid\" style=\"border-color:var(--awb-color3);\"><\/div><\/div><\/div><div class=\"fusion-text fusion-text-1\"><p>BARI\u015e MAH. AKDEN\u0130Z CAD. NO: 8 \/1 \u0130\u00c7 KAPI NO: 58<br \/>\nBEYL\u0130KD\u00dcZ\u00dc\/ \u0130STANBUL<\/p>\n<p>VD:\u00a0BEYL\u0130KD\u00dcZ\u00dc\u00a0VD.<\/p>\n<p>VERG\u0130 NO: 7810477525<\/p>\n<table>\n<tbody>\n<tr>\n<td width=\"177\">Banka \/ \u015eube<\/td>\n<td width=\"438\">Vak\u0131fbank \/ Cumhuriyet Caddesi \u0130STANBUL<\/td>\n<\/tr>\n<tr>\n<td width=\"177\">Hesap No<\/td>\n<td width=\"438\">00158007302491912<\/td>\n<\/tr>\n<tr>\n<td width=\"177\">IBAN<\/td>\n<td width=\"438\">TR95 0001 5001 5800 7302 4919 12<\/td>\n<\/tr>\n<\/tbody>\n<\/table>\n<\/div><\/div><\/div><div class=\"fusion-layout-column fusion_builder_column fusion-builder-column-1 fusion_builder_column_1_2 1_2 fusion-flex-column rounded-border\" style=\"--awb-padding-top:40px;--awb-padding-right:60px;--awb-padding-bottom:40px;--awb-padding-left:60px;--awb-bg-color:var(--awb-color1);--awb-bg-color-hover:var(--awb-color1);--awb-bg-size:cover;--awb-border-color:var(--awb-color3);--awb-border-top:1px;--awb-border-right:1px;--awb-border-bottom:1px;--awb-border-left:1px;--awb-border-style:solid;--awb-width-large:50%;--awb-margin-top-large:0px;--awb-spacing-right-large:3.84%;--awb-margin-bottom-large:45px;--awb-spacing-left-large:3.84%;--awb-width-medium:100%;--awb-spacing-right-medium:1.92%;--awb-spacing-left-medium:1.92%;--awb-width-small:100%;--awb-spacing-right-small:1.92%;--awb-spacing-left-small:1.92%;\"><div class=\"fusion-column-wrapper fusion-flex-justify-content-flex-start fusion-content-layout-column\"><div class=\"fusion-title title fusion-title-2 fusion-title-text fusion-title-size-three\" style=\"--awb-margin-bottom:10px;--awb-margin-top-small:0px;--awb-margin-right-small:0px;--awb-margin-bottom-small:10px;--awb-margin-left-small:0px;\"><div class=\"title-sep-container title-sep-container-left fusion-no-large-visibility fusion-no-medium-visibility fusion-no-small-visibility\"><div class=\"title-sep sep- sep-solid\" style=\"border-color:var(--awb-color3);\"><\/div><\/div><span class=\"awb-title-spacer fusion-no-large-visibility fusion-no-medium-visibility fusion-no-small-visibility\"><\/span><h3 class=\"fusion-title-heading title-heading-left\" style=\"margin:0;text-transform:uppercase;\"><strong>SRS END\u00dcSTR\u0130 BELGELEND\u0130RME H\u0130ZMETLER\u0130 ANON\u0130M \u015e\u0130RKET\u0130<\/strong><\/h3><span class=\"awb-title-spacer\"><\/span><div class=\"title-sep-container title-sep-container-right\"><div class=\"title-sep sep- sep-solid\" style=\"border-color:var(--awb-color3);\"><\/div><\/div><\/div><div class=\"fusion-text fusion-text-2\"><p>BARI\u015e MAH. AKDEN\u0130Z CAD. NO: 8 \/1 \u0130\u00c7 KAPI NO: 58<br \/>\nBEYL\u0130KD\u00dcZ\u00dc\/ \u0130STANBUL<\/p>\n<p>VD:\u00a0BEYL\u0130KD\u00dcZ\u00dc\u00a0VD.<\/p>\n<p>VERG\u0130 NO: 7810800431<\/p>\n<table>\n<tbody>\n<tr>\n<td width=\"177\">Banka \/ \u015eube<\/td>\n<td width=\"438\">Vak\u0131fbank \/ Cumhuriyet Caddesi \u0130STANBUL<\/td>\n<\/tr>\n<tr>\n<td width=\"177\">Hesap No<\/td>\n<td width=\"438\">00158007308750571<\/td>\n<\/tr>\n<tr>\n<td width=\"177\">IBAN<\/td>\n<td width=\"438\">TR02 0001 5001 5800 7308 7505 71<\/td>\n<\/tr>\n<\/tbody>\n<\/table>\n<\/div><\/div><\/div><\/div><\/div><div class=\"fusion-fullwidth fullwidth-box fusion-builder-row-2 fusion-flex-container nonhundred-percent-fullwidth non-hundred-percent-height-scrolling\" style=\"--awb-background-position:left top;--awb-border-sizes-top:0px;--awb-border-sizes-bottom:0px;--awb-border-sizes-left:0px;--awb-border-sizes-right:0px;--awb-border-radius-top-left:0px;--awb-border-radius-top-right:0px;--awb-border-radius-bottom-right:0px;--awb-border-radius-bottom-left:0px;--awb-padding-top:40px;--awb-padding-bottom:0px;--awb-padding-top-small:48px;--awb-padding-bottom-small:24px;--awb-flex-wrap:wrap;\" ><div class=\"fusion-builder-row fusion-row fusion-flex-align-items-stretch fusion-flex-content-wrap\" style=\"max-width:1216.8px;margin-left: calc(-4% \/ 2 );margin-right: calc(-4% \/ 2 );\"><div class=\"fusion-layout-column fusion_builder_column fusion-builder-column-2 fusion_builder_column_1_2 1_2 fusion-flex-column rounded-border\" style=\"--awb-padding-top:40px;--awb-padding-right:60px;--awb-padding-bottom:40px;--awb-padding-left:60px;--awb-bg-color:var(--awb-color1);--awb-bg-color-hover:var(--awb-color1);--awb-bg-size:cover;--awb-border-color:var(--awb-color3);--awb-border-top:1px;--awb-border-right:1px;--awb-border-bottom:1px;--awb-border-left:1px;--awb-border-style:solid;--awb-width-large:50%;--awb-margin-top-large:0px;--awb-spacing-right-large:3.84%;--awb-margin-bottom-large:45px;--awb-spacing-left-large:3.84%;--awb-width-medium:100%;--awb-spacing-right-medium:1.92%;--awb-spacing-left-medium:1.92%;--awb-width-small:100%;--awb-spacing-right-small:1.92%;--awb-spacing-left-small:1.92%;\"><div class=\"fusion-column-wrapper fusion-flex-justify-content-flex-start fusion-content-layout-column\"><div class=\"fusion-title title fusion-title-3 fusion-title-text fusion-title-size-three\" style=\"--awb-margin-bottom:10px;--awb-margin-top-small:0px;--awb-margin-right-small:0px;--awb-margin-bottom-small:10px;--awb-margin-left-small:0px;\"><div class=\"title-sep-container title-sep-container-left fusion-no-large-visibility fusion-no-medium-visibility fusion-no-small-visibility\"><div class=\"title-sep sep- sep-solid\" style=\"border-color:var(--awb-color3);\"><\/div><\/div><span class=\"awb-title-spacer fusion-no-large-visibility fusion-no-medium-visibility fusion-no-small-visibility\"><\/span><h3 class=\"fusion-title-heading title-heading-left\" style=\"margin:0;text-transform:uppercase;\"><strong>SRS PATENT MARKA \u0130\u015e SA\u011eLI\u011eI VE G\u00dcVENL\u0130\u011e\u0130 H\u0130Z. LTD. \u015eT\u0130.<\/strong><\/h3><span class=\"awb-title-spacer\"><\/span><div class=\"title-sep-container title-sep-container-right\"><div class=\"title-sep sep- sep-solid\" style=\"border-color:var(--awb-color3);\"><\/div><\/div><\/div><div class=\"fusion-text fusion-text-3\"><p>BARI\u015e MAH. AKDEN\u0130Z CAD. NO: 8 \/1 \u0130\u00c7 KAPI NO: 58<br \/>BEYL\u0130KD\u00dcZ\u00dc\/ \u0130STANBUL<\/p>\n<p>VD:&nbsp;BEYL\u0130KD\u00dcZ\u00dc&nbsp;VD.<\/p>\n<p>VERG\u0130 NO: 7810937094<\/p>\n<table>\n<tbody>\n<tr>\n<td width=\"177\">Banka \/ \u015eube<\/td>\n<td width=\"438\">Vak\u0131fbank \/ Cumhuriyet Caddesi \u0130STANBUL<\/td>\n<\/tr>\n<tr>\n<td width=\"177\">IBAN<\/td>\n<td width=\"438\">TR50 0001 5001 5800 7314 5514 71<\/td>\n<\/tr>\n<tr>\n<td width=\"177\">&nbsp;<\/td>\n<td width=\"438\">&nbsp;<\/td>\n<\/tr>\n<\/tbody>\n<\/table>\n<\/div><\/div><\/div><\/div><\/div><\/p>\n","protected":false},"excerpt":{"rendered":"","protected":false},"author":1,"featured_media":0,"parent":0,"menu_order":0,"comment_status":"closed","ping_status":"open","template":"100-width.php","meta":{"footnotes":""},"class_list":["post-1899","page","type-page","status-publish","hentry"],"yoast_head":"<!-- This site is optimized with the Yoast SEO plugin v27.6 - https:\/\/yoast.com\/product\/yoast-seo-wordpress\/ -->\n<title>Grup \u015eirketlerimiz - SRS Belgelendirme Hizmetleri<\/title>\n<meta name=\"description\" content=\"belgelendirme, kalibrasyon, marka, patent, test, ce belgesi, \u0131so belgesi, laboratuvar, ce testleri, ayd\u0131nlatma laboratuvar\u0131, ISO 9001\" \/>\n<meta name=\"robots\" content=\"index, follow, max-snippet:-1, max-image-preview:large, max-video-preview:-1\" \/>\n<link rel=\"canonical\" href=\"https:\/\/www.srscert.com\/index.php\/grup-sirketlerimiz\/\" \/>\n<meta property=\"og:locale\" content=\"tr_TR\" \/>\n<meta property=\"og:type\" content=\"article\" \/>\n<meta property=\"og:title\" content=\"Grup \u015eirketlerimiz - SRS Belgelendirme Hizmetleri\" \/>\n<meta property=\"og:description\" content=\"belgelendirme, kalibrasyon, marka, patent, test, ce belgesi, \u0131so belgesi, laboratuvar, ce testleri, ayd\u0131nlatma laboratuvar\u0131, ISO 9001\" \/>\n<meta property=\"og:url\" content=\"https:\/\/www.srscert.com\/index.php\/grup-sirketlerimiz\/\" \/>\n<meta property=\"og:site_name\" content=\"SRS Belgelendirme Hizmetleri\" \/>\n<meta property=\"article:modified_time\" content=\"2023-12-21T19:19:43+00:00\" \/>\n<meta name=\"twitter:card\" content=\"summary_large_image\" \/>\n<meta name=\"twitter:label1\" content=\"Tahmini okuma s\u00fcresi\" \/>\n\t<meta name=\"twitter:data1\" content=\"2 dakika\" \/>\n<script type=\"application\/ld+json\" class=\"yoast-schema-graph\">{\"@context\":\"https:\\\/\\\/schema.org\",\"@graph\":[{\"@type\":\"WebPage\",\"@id\":\"https:\\\/\\\/www.srscert.com\\\/index.php\\\/grup-sirketlerimiz\\\/\",\"url\":\"https:\\\/\\\/www.srscert.com\\\/index.php\\\/grup-sirketlerimiz\\\/\",\"name\":\"Grup \u015eirketlerimiz - SRS Belgelendirme Hizmetleri\",\"isPartOf\":{\"@id\":\"https:\\\/\\\/www.srscert.com\\\/#website\"},\"datePublished\":\"2022-07-17T20:07:02+00:00\",\"dateModified\":\"2023-12-21T19:19:43+00:00\",\"description\":\"belgelendirme, kalibrasyon, marka, patent, test, ce belgesi, \u0131so belgesi, laboratuvar, ce testleri, ayd\u0131nlatma laboratuvar\u0131, ISO 9001\",\"breadcrumb\":{\"@id\":\"https:\\\/\\\/www.srscert.com\\\/index.php\\\/grup-sirketlerimiz\\\/#breadcrumb\"},\"inLanguage\":\"tr\",\"potentialAction\":[{\"@type\":\"ReadAction\",\"target\":[\"https:\\\/\\\/www.srscert.com\\\/index.php\\\/grup-sirketlerimiz\\\/\"]}]},{\"@type\":\"BreadcrumbList\",\"@id\":\"https:\\\/\\\/www.srscert.com\\\/index.php\\\/grup-sirketlerimiz\\\/#breadcrumb\",\"itemListElement\":[{\"@type\":\"ListItem\",\"position\":1,\"name\":\"Anasayfa\",\"item\":\"https:\\\/\\\/www.srscert.com\\\/\"},{\"@type\":\"ListItem\",\"position\":2,\"name\":\"Grup \u015eirketlerimiz\"}]},{\"@type\":\"WebSite\",\"@id\":\"https:\\\/\\\/www.srscert.com\\\/#website\",\"url\":\"https:\\\/\\\/www.srscert.com\\\/\",\"name\":\"SRS Belgelendirme Hizmetleri\",\"description\":\"SRS Belgelendirme \",\"publisher\":{\"@id\":\"https:\\\/\\\/www.srscert.com\\\/#organization\"},\"potentialAction\":[{\"@type\":\"SearchAction\",\"target\":{\"@type\":\"EntryPoint\",\"urlTemplate\":\"https:\\\/\\\/www.srscert.com\\\/?s={search_term_string}\"},\"query-input\":{\"@type\":\"PropertyValueSpecification\",\"valueRequired\":true,\"valueName\":\"search_term_string\"}}],\"inLanguage\":\"tr\"},{\"@type\":\"Organization\",\"@id\":\"https:\\\/\\\/www.srscert.com\\\/#organization\",\"name\":\"srs belgelendirme\",\"url\":\"https:\\\/\\\/www.srscert.com\\\/\",\"logo\":{\"@type\":\"ImageObject\",\"inLanguage\":\"tr\",\"@id\":\"https:\\\/\\\/www.srscert.com\\\/#\\\/schema\\\/logo\\\/image\\\/\",\"url\":\"http:\\\/\\\/www.srscert.com\\\/wp-content\\\/uploads\\\/2022\\\/03\\\/srslogo1-300x142-3.png\",\"contentUrl\":\"http:\\\/\\\/www.srscert.com\\\/wp-content\\\/uploads\\\/2022\\\/03\\\/srslogo1-300x142-3.png\",\"width\":300,\"height\":142,\"caption\":\"srs belgelendirme\"},\"image\":{\"@id\":\"https:\\\/\\\/www.srscert.com\\\/#\\\/schema\\\/logo\\\/image\\\/\"}}]}<\/script>\n<!-- \/ Yoast SEO plugin. -->","yoast_head_json":{"title":"Grup \u015eirketlerimiz - SRS Belgelendirme Hizmetleri","description":"belgelendirme, kalibrasyon, marka, patent, test, ce belgesi, \u0131so belgesi, laboratuvar, ce testleri, ayd\u0131nlatma laboratuvar\u0131, ISO 9001","robots":{"index":"index","follow":"follow","max-snippet":"max-snippet:-1","max-image-preview":"max-image-preview:large","max-video-preview":"max-video-preview:-1"},"canonical":"https:\/\/www.srscert.com\/index.php\/grup-sirketlerimiz\/","og_locale":"tr_TR","og_type":"article","og_title":"Grup \u015eirketlerimiz - SRS Belgelendirme Hizmetleri","og_description":"belgelendirme, kalibrasyon, marka, patent, test, ce belgesi, \u0131so belgesi, laboratuvar, ce testleri, ayd\u0131nlatma laboratuvar\u0131, ISO 9001","og_url":"https:\/\/www.srscert.com\/index.php\/grup-sirketlerimiz\/","og_site_name":"SRS Belgelendirme Hizmetleri","article_modified_time":"2023-12-21T19:19:43+00:00","twitter_card":"summary_large_image","twitter_misc":{"Tahmini okuma s\u00fcresi":"2 dakika"},"schema":{"@context":"https:\/\/schema.org","@graph":[{"@type":"WebPage","@id":"https:\/\/www.srscert.com\/index.php\/grup-sirketlerimiz\/","url":"https:\/\/www.srscert.com\/index.php\/grup-sirketlerimiz\/","name":"Grup \u015eirketlerimiz - SRS Belgelendirme Hizmetleri","isPartOf":{"@id":"https:\/\/www.srscert.com\/#website"},"datePublished":"2022-07-17T20:07:02+00:00","dateModified":"2023-12-21T19:19:43+00:00","description":"belgelendirme, kalibrasyon, marka, patent, test, ce belgesi, \u0131so belgesi, laboratuvar, ce testleri, ayd\u0131nlatma laboratuvar\u0131, ISO 9001","breadcrumb":{"@id":"https:\/\/www.srscert.com\/index.php\/grup-sirketlerimiz\/#breadcrumb"},"inLanguage":"tr","potentialAction":[{"@type":"ReadAction","target":["https:\/\/www.srscert.com\/index.php\/grup-sirketlerimiz\/"]}]},{"@type":"BreadcrumbList","@id":"https:\/\/www.srscert.com\/index.php\/grup-sirketlerimiz\/#breadcrumb","itemListElement":[{"@type":"ListItem","position":1,"name":"Anasayfa","item":"https:\/\/www.srscert.com\/"},{"@type":"ListItem","position":2,"name":"Grup \u015eirketlerimiz"}]},{"@type":"WebSite","@id":"https:\/\/www.srscert.com\/#website","url":"https:\/\/www.srscert.com\/","name":"SRS Belgelendirme Hizmetleri","description":"SRS Belgelendirme ","publisher":{"@id":"https:\/\/www.srscert.com\/#organization"},"potentialAction":[{"@type":"SearchAction","target":{"@type":"EntryPoint","urlTemplate":"https:\/\/www.srscert.com\/?s={search_term_string}"},"query-input":{"@type":"PropertyValueSpecification","valueRequired":true,"valueName":"search_term_string"}}],"inLanguage":"tr"},{"@type":"Organization","@id":"https:\/\/www.srscert.com\/#organization","name":"srs belgelendirme","url":"https:\/\/www.srscert.com\/","logo":{"@type":"ImageObject","inLanguage":"tr","@id":"https:\/\/www.srscert.com\/#\/schema\/logo\/image\/","url":"http:\/\/www.srscert.com\/wp-content\/uploads\/2022\/03\/srslogo1-300x142-3.png","contentUrl":"http:\/\/www.srscert.com\/wp-content\/uploads\/2022\/03\/srslogo1-300x142-3.png","width":300,"height":142,"caption":"srs belgelendirme"},"image":{"@id":"https:\/\/www.srscert.com\/#\/schema\/logo\/image\/"}}]}},"jetpack_sharing_enabled":true,"_links":{"self":[{"href":"https:\/\/www.srscert.com\/index.php\/wp-json\/wp\/v2\/pages\/1899","targetHints":{"allow":["GET"]}}],"collection":[{"href":"https:\/\/www.srscert.com\/index.php\/wp-json\/wp\/v2\/pages"}],"about":[{"href":"https:\/\/www.srscert.com\/index.php\/wp-json\/wp\/v2\/types\/page"}],"author":[{"embeddable":true,"href":"https:\/\/www.srscert.com\/index.php\/wp-json\/wp\/v2\/users\/1"}],"replies":[{"embeddable":true,"href":"https:\/\/www.srscert.com\/index.php\/wp-json\/wp\/v2\/comments?post=1899"}],"version-history":[{"count":13,"href":"https:\/\/www.srscert.com\/index.php\/wp-json\/wp\/v2\/pages\/1899\/revisions"}],"predecessor-version":[{"id":2115,"href":"https:\/\/www.srscert.com\/index.php\/wp-json\/wp\/v2\/pages\/1899\/revisions\/2115"}],"wp:attachment":[{"href":"https:\/\/www.srscert.com\/index.php\/wp-json\/wp\/v2\/media?parent=1899"}],"curies":[{"name":"wp","href":"https:\/\/api.w.org\/{rel}","templated":true}]}}