{"id":14,"date":"2015-02-20T20:12:33","date_gmt":"2015-02-20T20:12:33","guid":{"rendered":"https:\/\/avada.theme-fusion.com_demos\/law\/?page_id=14"},"modified":"2022-07-17T21:28:09","modified_gmt":"2022-07-17T21:28:09","slug":"kalibrasyon","status":"publish","type":"page","link":"https:\/\/www.srscert.com\/index.php\/kalibrasyon\/","title":{"rendered":"Kalibrasyon"},"content":{"rendered":"<div class=\"fusion-fullwidth fullwidth-box fusion-builder-row-1 fusion-flex-container nonhundred-percent-fullwidth non-hundred-percent-height-scrolling\" style=\"--awb-background-position:left top;--awb-border-sizes-top:1px;--awb-border-sizes-bottom:1px;--awb-border-sizes-left:0px;--awb-border-sizes-right:0px;--awb-border-color:var(--awb-color3);--awb-border-radius-top-left:0px;--awb-border-radius-top-right:0px;--awb-border-radius-bottom-right:0px;--awb-border-radius-bottom-left:0px;--awb-padding-top:42px;--awb-padding-bottom:90px;--awb-padding-top-medium:72px;--awb-padding-bottom-medium:62px;--awb-background-color:var(--awb-color1);--awb-flex-wrap:wrap;\" ><div class=\"fusion-builder-row fusion-row fusion-flex-align-items-flex-start fusion-flex-content-wrap\" style=\"max-width:1216.8px;margin-left: calc(-4% \/ 2 );margin-right: calc(-4% \/ 2 );\"><div class=\"fusion-layout-column fusion_builder_column fusion-builder-column-0 fusion-flex-column\" style=\"--awb-bg-blend:overlay;--awb-bg-size:cover;--awb-width-large:auto;--awb-margin-top-large:0px;--awb-spacing-right-large:2%;--awb-margin-bottom-large:0px;--awb-spacing-left-large:2%;--awb-width-medium:50%;--awb-spacing-right-medium:3.84%;--awb-spacing-left-medium:3.84%;--awb-width-small:100%;--awb-spacing-right-small:1.92%;--awb-spacing-left-small:1.92%;\"><div class=\"fusion-column-wrapper fusion-flex-justify-content-flex-start fusion-content-layout-column\"><div class=\"fusion-image-element \" style=\"--awb-max-width:100px;--awb-caption-title-font-family:var(--h2_typography-font-family);--awb-caption-title-font-weight:var(--h2_typography-font-weight);--awb-caption-title-font-style:var(--h2_typography-font-style);--awb-caption-title-size:var(--h2_typography-font-size);--awb-caption-title-transform:var(--h2_typography-text-transform);--awb-caption-title-line-height:var(--h2_typography-line-height);--awb-caption-title-letter-spacing:var(--h2_typography-letter-spacing);\"><span class=\" fusion-imageframe imageframe-none imageframe-1 hover-type-none\"><a class=\"fusion-no-lightbox\" href=\"http:\/\/www.srskalibrasyon.com\" target=\"_self\" aria-label=\"AB-0257-K.K\"><img decoding=\"async\" width=\"207\" height=\"300\" src=\"https:\/\/www.srscert.com\/wp-content\/uploads\/2022\/03\/AB-0257-K.K.gif\" data-orig-src=\"http:\/\/www.srscert.com\/wp-content\/uploads\/2022\/03\/AB-0257-K.K-207x300.gif\" alt class=\"lazyload img-responsive wp-image-1343\" srcset=\"data:image\/svg+xml,%3Csvg%20xmlns%3D%27http%3A%2F%2Fwww.w3.org%2F2000%2Fsvg%27%20width%3D%27600%27%20height%3D%27868%27%20viewBox%3D%270%200%20600%20868%27%3E%3Crect%20width%3D%27600%27%20height%3D%27868%27%20fill-opacity%3D%220%22%2F%3E%3C%2Fsvg%3E\" data-srcset=\"https:\/\/www.srscert.com\/wp-content\/uploads\/2022\/03\/AB-0257-K.K-200x289.gif 200w, https:\/\/www.srscert.com\/wp-content\/uploads\/2022\/03\/AB-0257-K.K-400x579.gif 400w, https:\/\/www.srscert.com\/wp-content\/uploads\/2022\/03\/AB-0257-K.K.gif 600w\" data-sizes=\"auto\" data-orig-sizes=\"(max-width: 1024px) 100vw, (max-width: 850px) 100vw, 207px\" \/><\/a><\/span><\/div><\/div><\/div><div class=\"fusion-layout-column fusion_builder_column fusion-builder-column-1 fusion_builder_column_5_6 5_6 fusion-flex-column\" style=\"--awb-bg-blend:overlay;--awb-bg-size:cover;--awb-width-large:83.333333333333%;--awb-margin-top-large:0px;--awb-spacing-right-large:2.304%;--awb-margin-bottom-large:0px;--awb-spacing-left-large:2.304%;--awb-width-medium:50%;--awb-spacing-right-medium:3.84%;--awb-spacing-left-medium:3.84%;--awb-width-small:100%;--awb-spacing-right-small:1.92%;--awb-spacing-left-small:1.92%;\"><div class=\"fusion-column-wrapper fusion-flex-justify-content-flex-start fusion-content-layout-column\"><div class=\"fusion-text fusion-text-1\"><div class=\"fusion-fullwidth fullwidth-box fusion-builder-row-3 fusion-flex-container nonhundred-percent-fullwidth non-hundred-percent-height-scrolling\">\n<div class=\"fusion-builder-row fusion-row fusion-flex-align-items-stretch\">\n<div class=\"fusion-layout-column fusion_builder_column fusion-builder-column-4 fusion_builder_column_3_4 3_4 fusion-flex-column\">\n<div class=\"fusion-column-wrapper fusion-flex-justify-content-flex-start fusion-content-layout-column\">\n<div class=\"fusion-text fusion-text-2\">\n<p><b>SRS KAL\u0130BRASYON H\u0130ZMETLER\u0130<\/b><\/p>\n<p><a href=\"http:\/\/www.srscert.com\/\">SRS Grup<\/a>, 2004 y\u0131l\u0131nda belgelendirme, test ve kontrol faaliyetleri yapmak i\u00e7in merkezi \u0130stanbul olmak \u00fczere faaliyete ge\u00e7mi\u015ftir. 2021 y\u0131l\u0131nda Kalibrasyon Laboratuvar\u0131n\u0131 kurarak 17025 kapsam\u0131nda T\u00dcRKAK\u2019 tan akredite olmu\u015ftur ve kapsamlar\u0131n\u0131 geni\u015fletmi\u015ftir. (Akreditasyon No: AB-0257-K). \u015eirketimiz k\u0131sa bir s\u00fcre i\u00e7inde b\u00f6lgenin kalibrasyon ihtiya\u00e7lar\u0131na cevap verebilecek uzmanla\u015fm\u0131\u015f kadrosu ve yeterli teknik altyap\u0131s\u0131 ile hizmet verdi\u011fimiz kalibrasyon konular\u0131n\u0131 m\u00fc\u015fterilerimizden gelen talepleri dikkate alarak geli\u015ftirmektedir.<\/p>\n<p>Boyut, Terazi, S\u0131cakl\u0131k, Nem, Bas\u0131n\u00e7, Elektriksel, Tork Kalibrasyonu, Zaman Kalibrasyonu, Devir Kalibrasyonu alanlar\u0131nda akredite faaliyet vermekteyiz. \u015eirket politikam\u0131z olarak da kapsam\u0131m\u0131z\u0131 her sene geli\u015ftirmek ve yeni kapsamlar almak i\u00e7in devaml\u0131 \u00e7al\u0131\u015fmalar\u0131m\u0131z vard\u0131r.<\/p>\n<p><a href=\"http:\/\/www.srskalibrasyon.com\" target=\"_blank\" rel=\"noopener noreferrer\">www.srskalibrasyon.com<\/a><\/p>\n<\/div>\n<\/div>\n<\/div>\n<\/div>\n<\/div>\n<div class=\"fusion-fullwidth fullwidth-box fusion-builder-row-4 fusion-flex-container hundred-percent-fullwidth non-hundred-percent-height-scrolling\">\n<div class=\"fusion-builder-row fusion-row fusion-flex-align-items-stretch\">\n<div class=\"fusion-layout-column fusion_builder_column fusion-builder-column-5 fusion_builder_column_1_3 1_3 fusion-flex-column\">\n<div class=\"fusion-column-wrapper fusion-flex-justify-content-flex-start fusion-content-layout-column\" style=\"min-height: 0px;\"><\/div>\n<\/div>\n<\/div>\n<\/div>\n<\/div><\/div><\/div><\/div><\/div>\n","protected":false},"excerpt":{"rendered":"","protected":false},"author":1,"featured_media":0,"parent":0,"menu_order":0,"comment_status":"open","ping_status":"open","template":"100-width.php","meta":{"footnotes":""},"class_list":["post-14","page","type-page","status-publish","hentry"],"yoast_head":"<!-- This site is optimized with the Yoast SEO plugin v27.6 - https:\/\/yoast.com\/product\/yoast-seo-wordpress\/ -->\n<title>Kalibrasyon - SRS Belgelendirme Hizmetleri<\/title>\n<meta name=\"description\" content=\"Boyut Kalibrasyonu, Terazi Kalibrasyonu, S\u0131cakl\u0131k Kalibrasyonu, Nem Kalibrasyonu, Bas\u0131n\u00e7 Kalibrasyonu, Elektriksel Kalibrasyonu, Tork Kalibrasyonu, Zaman Kalibrasyonu, Devir Kalibrasyonu\" \/>\n<meta name=\"robots\" content=\"index, follow, max-snippet:-1, max-image-preview:large, max-video-preview:-1\" \/>\n<link rel=\"canonical\" href=\"https:\/\/www.srscert.com\/index.php\/kalibrasyon\/\" \/>\n<meta property=\"og:locale\" content=\"tr_TR\" \/>\n<meta property=\"og:type\" content=\"article\" \/>\n<meta property=\"og:title\" content=\"Kalibrasyon - SRS Belgelendirme Hizmetleri\" \/>\n<meta property=\"og:description\" content=\"Boyut Kalibrasyonu, Terazi Kalibrasyonu, S\u0131cakl\u0131k Kalibrasyonu, Nem Kalibrasyonu, Bas\u0131n\u00e7 Kalibrasyonu, Elektriksel Kalibrasyonu, Tork Kalibrasyonu, Zaman Kalibrasyonu, Devir Kalibrasyonu\" \/>\n<meta property=\"og:url\" content=\"https:\/\/www.srscert.com\/index.php\/kalibrasyon\/\" \/>\n<meta property=\"og:site_name\" content=\"SRS Belgelendirme Hizmetleri\" \/>\n<meta property=\"article:modified_time\" content=\"2022-07-17T21:28:09+00:00\" \/>\n<meta name=\"twitter:card\" content=\"summary_large_image\" \/>\n<meta name=\"twitter:label1\" content=\"Tahmini okuma s\u00fcresi\" \/>\n\t<meta name=\"twitter:data1\" content=\"2 dakika\" \/>\n<script type=\"application\/ld+json\" class=\"yoast-schema-graph\">{\"@context\":\"https:\\\/\\\/schema.org\",\"@graph\":[{\"@type\":\"WebPage\",\"@id\":\"https:\\\/\\\/www.srscert.com\\\/index.php\\\/kalibrasyon\\\/\",\"url\":\"https:\\\/\\\/www.srscert.com\\\/index.php\\\/kalibrasyon\\\/\",\"name\":\"Kalibrasyon - SRS Belgelendirme Hizmetleri\",\"isPartOf\":{\"@id\":\"https:\\\/\\\/www.srscert.com\\\/#website\"},\"datePublished\":\"2015-02-20T20:12:33+00:00\",\"dateModified\":\"2022-07-17T21:28:09+00:00\",\"description\":\"Boyut Kalibrasyonu, Terazi Kalibrasyonu, S\u0131cakl\u0131k Kalibrasyonu, Nem Kalibrasyonu, Bas\u0131n\u00e7 Kalibrasyonu, Elektriksel Kalibrasyonu, Tork Kalibrasyonu, Zaman Kalibrasyonu, Devir Kalibrasyonu\",\"breadcrumb\":{\"@id\":\"https:\\\/\\\/www.srscert.com\\\/index.php\\\/kalibrasyon\\\/#breadcrumb\"},\"inLanguage\":\"tr\",\"potentialAction\":[{\"@type\":\"ReadAction\",\"target\":[\"https:\\\/\\\/www.srscert.com\\\/index.php\\\/kalibrasyon\\\/\"]}]},{\"@type\":\"BreadcrumbList\",\"@id\":\"https:\\\/\\\/www.srscert.com\\\/index.php\\\/kalibrasyon\\\/#breadcrumb\",\"itemListElement\":[{\"@type\":\"ListItem\",\"position\":1,\"name\":\"Anasayfa\",\"item\":\"https:\\\/\\\/www.srscert.com\\\/\"},{\"@type\":\"ListItem\",\"position\":2,\"name\":\"Kalibrasyon\"}]},{\"@type\":\"WebSite\",\"@id\":\"https:\\\/\\\/www.srscert.com\\\/#website\",\"url\":\"https:\\\/\\\/www.srscert.com\\\/\",\"name\":\"SRS Belgelendirme Hizmetleri\",\"description\":\"SRS Belgelendirme \",\"publisher\":{\"@id\":\"https:\\\/\\\/www.srscert.com\\\/#organization\"},\"potentialAction\":[{\"@type\":\"SearchAction\",\"target\":{\"@type\":\"EntryPoint\",\"urlTemplate\":\"https:\\\/\\\/www.srscert.com\\\/?s={search_term_string}\"},\"query-input\":{\"@type\":\"PropertyValueSpecification\",\"valueRequired\":true,\"valueName\":\"search_term_string\"}}],\"inLanguage\":\"tr\"},{\"@type\":\"Organization\",\"@id\":\"https:\\\/\\\/www.srscert.com\\\/#organization\",\"name\":\"srs belgelendirme\",\"url\":\"https:\\\/\\\/www.srscert.com\\\/\",\"logo\":{\"@type\":\"ImageObject\",\"inLanguage\":\"tr\",\"@id\":\"https:\\\/\\\/www.srscert.com\\\/#\\\/schema\\\/logo\\\/image\\\/\",\"url\":\"http:\\\/\\\/www.srscert.com\\\/wp-content\\\/uploads\\\/2022\\\/03\\\/srslogo1-300x142-3.png\",\"contentUrl\":\"http:\\\/\\\/www.srscert.com\\\/wp-content\\\/uploads\\\/2022\\\/03\\\/srslogo1-300x142-3.png\",\"width\":300,\"height\":142,\"caption\":\"srs belgelendirme\"},\"image\":{\"@id\":\"https:\\\/\\\/www.srscert.com\\\/#\\\/schema\\\/logo\\\/image\\\/\"}}]}<\/script>\n<!-- \/ Yoast SEO plugin. -->","yoast_head_json":{"title":"Kalibrasyon - SRS Belgelendirme Hizmetleri","description":"Boyut Kalibrasyonu, Terazi Kalibrasyonu, S\u0131cakl\u0131k Kalibrasyonu, Nem Kalibrasyonu, Bas\u0131n\u00e7 Kalibrasyonu, Elektriksel Kalibrasyonu, Tork Kalibrasyonu, Zaman Kalibrasyonu, Devir Kalibrasyonu","robots":{"index":"index","follow":"follow","max-snippet":"max-snippet:-1","max-image-preview":"max-image-preview:large","max-video-preview":"max-video-preview:-1"},"canonical":"https:\/\/www.srscert.com\/index.php\/kalibrasyon\/","og_locale":"tr_TR","og_type":"article","og_title":"Kalibrasyon - SRS Belgelendirme Hizmetleri","og_description":"Boyut Kalibrasyonu, Terazi Kalibrasyonu, S\u0131cakl\u0131k Kalibrasyonu, Nem Kalibrasyonu, Bas\u0131n\u00e7 Kalibrasyonu, Elektriksel Kalibrasyonu, Tork Kalibrasyonu, Zaman Kalibrasyonu, Devir Kalibrasyonu","og_url":"https:\/\/www.srscert.com\/index.php\/kalibrasyon\/","og_site_name":"SRS Belgelendirme Hizmetleri","article_modified_time":"2022-07-17T21:28:09+00:00","twitter_card":"summary_large_image","twitter_misc":{"Tahmini okuma s\u00fcresi":"2 dakika"},"schema":{"@context":"https:\/\/schema.org","@graph":[{"@type":"WebPage","@id":"https:\/\/www.srscert.com\/index.php\/kalibrasyon\/","url":"https:\/\/www.srscert.com\/index.php\/kalibrasyon\/","name":"Kalibrasyon - SRS Belgelendirme Hizmetleri","isPartOf":{"@id":"https:\/\/www.srscert.com\/#website"},"datePublished":"2015-02-20T20:12:33+00:00","dateModified":"2022-07-17T21:28:09+00:00","description":"Boyut Kalibrasyonu, Terazi Kalibrasyonu, S\u0131cakl\u0131k Kalibrasyonu, Nem Kalibrasyonu, Bas\u0131n\u00e7 Kalibrasyonu, Elektriksel Kalibrasyonu, Tork Kalibrasyonu, Zaman Kalibrasyonu, Devir Kalibrasyonu","breadcrumb":{"@id":"https:\/\/www.srscert.com\/index.php\/kalibrasyon\/#breadcrumb"},"inLanguage":"tr","potentialAction":[{"@type":"ReadAction","target":["https:\/\/www.srscert.com\/index.php\/kalibrasyon\/"]}]},{"@type":"BreadcrumbList","@id":"https:\/\/www.srscert.com\/index.php\/kalibrasyon\/#breadcrumb","itemListElement":[{"@type":"ListItem","position":1,"name":"Anasayfa","item":"https:\/\/www.srscert.com\/"},{"@type":"ListItem","position":2,"name":"Kalibrasyon"}]},{"@type":"WebSite","@id":"https:\/\/www.srscert.com\/#website","url":"https:\/\/www.srscert.com\/","name":"SRS Belgelendirme Hizmetleri","description":"SRS Belgelendirme ","publisher":{"@id":"https:\/\/www.srscert.com\/#organization"},"potentialAction":[{"@type":"SearchAction","target":{"@type":"EntryPoint","urlTemplate":"https:\/\/www.srscert.com\/?s={search_term_string}"},"query-input":{"@type":"PropertyValueSpecification","valueRequired":true,"valueName":"search_term_string"}}],"inLanguage":"tr"},{"@type":"Organization","@id":"https:\/\/www.srscert.com\/#organization","name":"srs belgelendirme","url":"https:\/\/www.srscert.com\/","logo":{"@type":"ImageObject","inLanguage":"tr","@id":"https:\/\/www.srscert.com\/#\/schema\/logo\/image\/","url":"http:\/\/www.srscert.com\/wp-content\/uploads\/2022\/03\/srslogo1-300x142-3.png","contentUrl":"http:\/\/www.srscert.com\/wp-content\/uploads\/2022\/03\/srslogo1-300x142-3.png","width":300,"height":142,"caption":"srs belgelendirme"},"image":{"@id":"https:\/\/www.srscert.com\/#\/schema\/logo\/image\/"}}]}},"jetpack_sharing_enabled":true,"_links":{"self":[{"href":"https:\/\/www.srscert.com\/index.php\/wp-json\/wp\/v2\/pages\/14","targetHints":{"allow":["GET"]}}],"collection":[{"href":"https:\/\/www.srscert.com\/index.php\/wp-json\/wp\/v2\/pages"}],"about":[{"href":"https:\/\/www.srscert.com\/index.php\/wp-json\/wp\/v2\/types\/page"}],"author":[{"embeddable":true,"href":"https:\/\/www.srscert.com\/index.php\/wp-json\/wp\/v2\/users\/1"}],"replies":[{"embeddable":true,"href":"https:\/\/www.srscert.com\/index.php\/wp-json\/wp\/v2\/comments?post=14"}],"version-history":[{"count":21,"href":"https:\/\/www.srscert.com\/index.php\/wp-json\/wp\/v2\/pages\/14\/revisions"}],"predecessor-version":[{"id":1936,"href":"https:\/\/www.srscert.com\/index.php\/wp-json\/wp\/v2\/pages\/14\/revisions\/1936"}],"wp:attachment":[{"href":"https:\/\/www.srscert.com\/index.php\/wp-json\/wp\/v2\/media?parent=14"}],"curies":[{"name":"wp","href":"https:\/\/api.w.org\/{rel}","templated":true}]}}